{"id":10,"date":"2026-01-12T17:19:10","date_gmt":"2026-01-12T17:19:10","guid":{"rendered":"https:\/\/markelgutierrezorrantia.rkinformatika.online\/?page_id=10"},"modified":"2026-01-14T15:28:48","modified_gmt":"2026-01-14T15:28:48","slug":"inicio","status":"publish","type":"page","link":"https:\/\/markelgutierrezorrantia.com\/eu\/","title":{"rendered":"Hasiera"},"content":{"rendered":"<div data-elementor-type=\"wp-page\" data-elementor-id=\"10\" class=\"elementor elementor-10\" data-elementor-post-type=\"page\">\n\t\t\t\t<div class=\"elementor-element elementor-element-4cb1819 e-con-full e-flex e-con e-parent\" data-id=\"4cb1819\" data-element_type=\"container\" data-e-type=\"container\" data-settings=\"{&quot;background_background&quot;:&quot;classic&quot;}\">\n\t\t<div class=\"elementor-element elementor-element-f6aa6e1 e-con-full e-flex e-con e-child\" data-id=\"f6aa6e1\" data-element_type=\"container\" data-e-type=\"container\" data-settings=\"{&quot;background_background&quot;:&quot;classic&quot;}\">\n\t\t\t\t<div class=\"elementor-element elementor-element-47c34df elementor-widget elementor-widget-heading\" data-id=\"47c34df\" data-element_type=\"widget\" data-e-type=\"widget\" data-widget_type=\"heading.default\">\n\t\t\t\t\t<h1 class=\"elementor-heading-title elementor-size-default\">Sarrailagintza familiarra 1972tik, tradizioa eta segurtasuna zure zerbitzura.<\/h1>\t\t\t\t<\/div>\n\t\t\t\t<\/div>\n\t\t\t\t<\/div>\n\t\t<div class=\"elementor-element elementor-element-7470501 e-flex e-con-boxed e-con e-parent\" data-id=\"7470501\" data-element_type=\"container\" data-e-type=\"container\">\n\t\t\t\t\t<div class=\"e-con-inner\">\n\t\t<div class=\"elementor-element elementor-element-8d8019e e-con-full e-flex e-con e-child\" data-id=\"8d8019e\" data-element_type=\"container\" data-e-type=\"container\">\n\t\t\t\t<div class=\"elementor-element elementor-element-1538e5d elementor-widget elementor-widget-heading\" data-id=\"1538e5d\" data-element_type=\"widget\" data-e-type=\"widget\" data-widget_type=\"heading.default\">\n\t\t\t\t\t<h2 class=\"elementor-heading-title elementor-size-default\">Gure historia<\/h2>\t\t\t\t<\/div>\n\t\t\t\t<div class=\"elementor-element elementor-element-38b1014 elementor-widget elementor-widget-text-editor\" data-id=\"38b1014\" data-element_type=\"widget\" data-e-type=\"widget\" data-widget_type=\"text-editor.default\">\n\t\t\t\t\t\t\t\t\t<p>CERRAJER\u00cdA OSKAR segurtasunaren sektorean lan egiten duen enpresa familiarra da, eta 1972an sortu zen, Eusebio Guti\u00e9rrez jaunak, egungo langileen aitona eta aitak, COMERCIO GUBAR sortu zuenean, eta giltzak bikoizteko makina automatiko berritzaile bat jarri zuen bere instalazioetan. Bigarren belaunaldiak 90eko hamarkadaren hasieran segurtasun handiko giltzak bikoizteko makinak eta giltza magnetikoak eta urrutiko aginteak kopiatzeko tresna elektronikoak jarri zituen bezeroen eskura. Hirugarren belaunaldiak etengabe eboluzionatzen jarraitzen du gaur egun, eta zerbitzu berrien artean transponderra eta urrutiko agintea duten ibilgailuen giltzen kopia eskaintzen die bezeroei. Duela 15 urte baino gehiagotik, sarrailagintza zerbitzua eskaintzen dugu etxez etxe Enkarterrietako eskualdean, kalitate goreneko materialekin lan eginez eta 3.000 erreferentzia baino gehiagoko stock zabala edukiz.\u00a0<\/p>\t\t\t\t\t\t\t\t<\/div>\n\t\t\t\t<\/div>\n\t\t<div class=\"elementor-element elementor-element-9316277 e-con-full e-flex e-con e-child\" data-id=\"9316277\" data-element_type=\"container\" data-e-type=\"container\">\n\t\t\t\t<div class=\"elementor-element elementor-element-7354a1b elementor-widget elementor-widget-image\" data-id=\"7354a1b\" data-element_type=\"widget\" data-e-type=\"widget\" data-widget_type=\"image.default\">\n\t\t\t\t\t\t\t\t\t\t\t\t\t\t\t<img fetchpriority=\"high\" decoding=\"async\" width=\"1500\" height=\"935\" src=\"https:\/\/markelgutierrezorrantia.com\/wp-content\/uploads\/2026\/01\/1482.jpg\" class=\"attachment-full size-full wp-image-92\" alt=\"\" srcset=\"https:\/\/markelgutierrezorrantia.com\/wp-content\/uploads\/2026\/01\/1482.jpg 1500w, https:\/\/markelgutierrezorrantia.com\/wp-content\/uploads\/2026\/01\/1482-300x187.jpg 300w, https:\/\/markelgutierrezorrantia.com\/wp-content\/uploads\/2026\/01\/1482-1024x638.jpg 1024w, https:\/\/markelgutierrezorrantia.com\/wp-content\/uploads\/2026\/01\/1482-768x479.jpg 768w, https:\/\/markelgutierrezorrantia.com\/wp-content\/uploads\/2026\/01\/1482-18x12.jpg 18w\" sizes=\"(max-width: 1500px) 100vw, 1500px\" \/>\t\t\t\t\t\t\t\t\t\t\t\t\t\t\t<\/div>\n\t\t\t\t<\/div>\n\t\t\t\t\t<\/div>\n\t\t\t\t<\/div>\n\t\t\t\t<section class=\"elementor-section elementor-top-section elementor-element elementor-element-389c452 elementor-section-full_width elementor-section-height-default elementor-section-height-default\" data-id=\"389c452\" data-element_type=\"section\" data-e-type=\"section\" data-settings=\"{&quot;background_background&quot;:&quot;classic&quot;}\">\n\t\t\t\t\t\t\t<div class=\"elementor-background-overlay\"><\/div>\n\t\t\t\t\t\t\t<div class=\"elementor-container elementor-column-gap-default\">\n\t\t\t\t\t<div class=\"elementor-column elementor-col-100 elementor-top-column elementor-element elementor-element-d82bd42\" data-id=\"d82bd42\" data-element_type=\"column\" data-e-type=\"column\">\n\t\t\t<div class=\"elementor-widget-wrap elementor-element-populated\">\n\t\t\t\t\t\t<div class=\"elementor-element elementor-element-157279e elementor-widget elementor-widget-heading\" data-id=\"157279e\" data-element_type=\"widget\" data-e-type=\"widget\" data-widget_type=\"heading.default\">\n\t\t\t\t\t<h2 class=\"elementor-heading-title elementor-size-default\">Zure konfiantzazko sarrailagintza, belaunaldiz belaunaldi.<\/h2>\t\t\t\t<\/div>\n\t\t\t\t<div class=\"elementor-element elementor-element-38321fe elementor-align-center elementor-widget elementor-widget-button\" data-id=\"38321fe\" data-element_type=\"widget\" data-e-type=\"widget\" data-widget_type=\"button.default\">\n\t\t\t\t\t\t\t\t\t\t<a class=\"elementor-button elementor-button-link elementor-size-sm\" href=\"https:\/\/markelgutierrezorrantia.com\/eu\/servicios\/\">\n\t\t\t\t\t\t<span class=\"elementor-button-content-wrapper\">\n\t\t\t\t\t\t\t\t\t<span class=\"elementor-button-text\">Zerbitzuak<\/span>\n\t\t\t\t\t<\/span>\n\t\t\t\t\t<\/a>\n\t\t\t\t\t\t\t\t<\/div>\n\t\t\t\t\t<\/div>\n\t\t<\/div>\n\t\t\t\t\t<\/div>\n\t\t<\/section>\n\t\t\t\t<\/div>","protected":false},"excerpt":{"rendered":"<p>Cerrajer\u00eda familiar desde 1972, tradici\u00f3n y seguridad a tu servicio. Nuestra Historia CERRAJER\u00cdA OSKAR es una empresa familiar dedicada al sector de la seguridad que tiene su origen en 1972, cuando Don Eusebio Guti\u00e9rrez, abuelo y padre de los actuales trabajadores, fund\u00f3 COMERCIO GUBAR y dispuso en sus instalaciones de una innovadora m\u00e1quina duplicadora autom\u00e1tica [&hellip;]<\/p>\n","protected":false},"author":1,"featured_media":0,"parent":0,"menu_order":0,"comment_status":"closed","ping_status":"closed","template":"elementor_canvas","meta":{"footnotes":""},"class_list":["post-10","page","type-page","status-publish","hentry"],"yoast_head":"<!-- This site is optimized with the Yoast SEO plugin v27.4 - https:\/\/yoast.com\/product\/yoast-seo-wordpress\/ -->\n<title>Inicio - Markel Gutierrez Orrantia<\/title>\n<meta name=\"robots\" content=\"index, follow, max-snippet:-1, max-image-preview:large, max-video-preview:-1\" \/>\n<link rel=\"canonical\" href=\"https:\/\/markelgutierrezorrantia.com\/eu\/\" \/>\n<meta property=\"og:locale\" content=\"en_US\" \/>\n<meta property=\"og:type\" content=\"article\" \/>\n<meta property=\"og:title\" content=\"Inicio - Markel Gutierrez Orrantia\" \/>\n<meta property=\"og:description\" content=\"Cerrajer\u00eda familiar desde 1972, tradici\u00f3n y seguridad a tu servicio. Nuestra Historia CERRAJER\u00cdA OSKAR es una empresa familiar dedicada al sector de la seguridad que tiene su origen en 1972, cuando Don Eusebio Guti\u00e9rrez, abuelo y padre de los actuales trabajadores, fund\u00f3 COMERCIO GUBAR y dispuso en sus instalaciones de una innovadora m\u00e1quina duplicadora autom\u00e1tica [&hellip;]\" \/>\n<meta property=\"og:url\" content=\"https:\/\/markelgutierrezorrantia.com\/eu\/\" \/>\n<meta property=\"og:site_name\" content=\"Markel Gutierrez Orrantia\" \/>\n<meta property=\"article:modified_time\" content=\"2026-01-14T15:28:48+00:00\" \/>\n<meta property=\"og:image\" content=\"https:\/\/markelgutierrezorrantia.com\/wp-content\/uploads\/2026\/01\/1482.jpg\" \/>\n<meta name=\"twitter:card\" content=\"summary_large_image\" \/>\n<meta name=\"twitter:label1\" content=\"Est. reading time\" \/>\n\t<meta name=\"twitter:data1\" content=\"1 minutua\" \/>\n<script type=\"application\/ld+json\" class=\"yoast-schema-graph\">{\"@context\":\"https:\\\/\\\/schema.org\",\"@graph\":[{\"@type\":\"WebPage\",\"@id\":\"https:\\\/\\\/markelgutierrezorrantia.com\\\/\",\"url\":\"https:\\\/\\\/markelgutierrezorrantia.com\\\/\",\"name\":\"Inicio - Markel Gutierrez Orrantia\",\"isPartOf\":{\"@id\":\"https:\\\/\\\/markelgutierrezorrantia.com\\\/#website\"},\"primaryImageOfPage\":{\"@id\":\"https:\\\/\\\/markelgutierrezorrantia.com\\\/#primaryimage\"},\"image\":{\"@id\":\"https:\\\/\\\/markelgutierrezorrantia.com\\\/#primaryimage\"},\"thumbnailUrl\":\"https:\\\/\\\/markelgutierrezorrantia.com\\\/wp-content\\\/uploads\\\/2026\\\/01\\\/1482.jpg\",\"datePublished\":\"2026-01-12T17:19:10+00:00\",\"dateModified\":\"2026-01-14T15:28:48+00:00\",\"breadcrumb\":{\"@id\":\"https:\\\/\\\/markelgutierrezorrantia.com\\\/#breadcrumb\"},\"inLanguage\":\"eu\",\"potentialAction\":[{\"@type\":\"ReadAction\",\"target\":[\"https:\\\/\\\/markelgutierrezorrantia.com\\\/\"]}]},{\"@type\":\"ImageObject\",\"inLanguage\":\"eu\",\"@id\":\"https:\\\/\\\/markelgutierrezorrantia.com\\\/#primaryimage\",\"url\":\"https:\\\/\\\/markelgutierrezorrantia.com\\\/wp-content\\\/uploads\\\/2026\\\/01\\\/1482.jpg\",\"contentUrl\":\"https:\\\/\\\/markelgutierrezorrantia.com\\\/wp-content\\\/uploads\\\/2026\\\/01\\\/1482.jpg\"},{\"@type\":\"BreadcrumbList\",\"@id\":\"https:\\\/\\\/markelgutierrezorrantia.com\\\/#breadcrumb\",\"itemListElement\":[{\"@type\":\"ListItem\",\"position\":1,\"name\":\"Portada\",\"item\":\"https:\\\/\\\/markelgutierrezorrantia.com\\\/\"},{\"@type\":\"ListItem\",\"position\":2,\"name\":\"Inicio\"}]},{\"@type\":\"WebSite\",\"@id\":\"https:\\\/\\\/markelgutierrezorrantia.com\\\/#website\",\"url\":\"https:\\\/\\\/markelgutierrezorrantia.com\\\/\",\"name\":\"Markel Gutierrez Orrantia\",\"description\":\"\",\"publisher\":{\"@id\":\"https:\\\/\\\/markelgutierrezorrantia.com\\\/#organization\"},\"potentialAction\":[{\"@type\":\"SearchAction\",\"target\":{\"@type\":\"EntryPoint\",\"urlTemplate\":\"https:\\\/\\\/markelgutierrezorrantia.com\\\/?s={search_term_string}\"},\"query-input\":{\"@type\":\"PropertyValueSpecification\",\"valueRequired\":true,\"valueName\":\"search_term_string\"}}],\"inLanguage\":\"eu\"},{\"@type\":\"Organization\",\"@id\":\"https:\\\/\\\/markelgutierrezorrantia.com\\\/#organization\",\"name\":\"Markel Gutierrez Orrantia\",\"url\":\"https:\\\/\\\/markelgutierrezorrantia.com\\\/\",\"logo\":{\"@type\":\"ImageObject\",\"inLanguage\":\"eu\",\"@id\":\"https:\\\/\\\/markelgutierrezorrantia.com\\\/#\\\/schema\\\/logo\\\/image\\\/\",\"url\":\"https:\\\/\\\/markelgutierrezorrantia.com\\\/wp-content\\\/uploads\\\/2026\\\/01\\\/cropped-llavesoskarzalla202506_logoarriba.png\",\"contentUrl\":\"https:\\\/\\\/markelgutierrezorrantia.com\\\/wp-content\\\/uploads\\\/2026\\\/01\\\/cropped-llavesoskarzalla202506_logoarriba.png\",\"width\":346,\"height\":145,\"caption\":\"Markel Gutierrez Orrantia\"},\"image\":{\"@id\":\"https:\\\/\\\/markelgutierrezorrantia.com\\\/#\\\/schema\\\/logo\\\/image\\\/\"}}]}<\/script>\n<!-- \/ Yoast SEO plugin. -->","yoast_head_json":{"title":"Inicio - Markel Gutierrez Orrantia","robots":{"index":"index","follow":"follow","max-snippet":"max-snippet:-1","max-image-preview":"max-image-preview:large","max-video-preview":"max-video-preview:-1"},"canonical":"https:\/\/markelgutierrezorrantia.com\/eu\/","og_locale":"en_US","og_type":"article","og_title":"Inicio - Markel Gutierrez Orrantia","og_description":"Cerrajer\u00eda familiar desde 1972, tradici\u00f3n y seguridad a tu servicio. Nuestra Historia CERRAJER\u00cdA OSKAR es una empresa familiar dedicada al sector de la seguridad que tiene su origen en 1972, cuando Don Eusebio Guti\u00e9rrez, abuelo y padre de los actuales trabajadores, fund\u00f3 COMERCIO GUBAR y dispuso en sus instalaciones de una innovadora m\u00e1quina duplicadora autom\u00e1tica [&hellip;]","og_url":"https:\/\/markelgutierrezorrantia.com\/eu\/","og_site_name":"Markel Gutierrez Orrantia","article_modified_time":"2026-01-14T15:28:48+00:00","og_image":[{"url":"https:\/\/markelgutierrezorrantia.com\/wp-content\/uploads\/2026\/01\/1482.jpg","type":"","width":"","height":""}],"twitter_card":"summary_large_image","twitter_misc":{"Est. reading time":"1 minutua"},"schema":{"@context":"https:\/\/schema.org","@graph":[{"@type":"WebPage","@id":"https:\/\/markelgutierrezorrantia.com\/","url":"https:\/\/markelgutierrezorrantia.com\/","name":"Inicio - Markel Gutierrez Orrantia","isPartOf":{"@id":"https:\/\/markelgutierrezorrantia.com\/#website"},"primaryImageOfPage":{"@id":"https:\/\/markelgutierrezorrantia.com\/#primaryimage"},"image":{"@id":"https:\/\/markelgutierrezorrantia.com\/#primaryimage"},"thumbnailUrl":"https:\/\/markelgutierrezorrantia.com\/wp-content\/uploads\/2026\/01\/1482.jpg","datePublished":"2026-01-12T17:19:10+00:00","dateModified":"2026-01-14T15:28:48+00:00","breadcrumb":{"@id":"https:\/\/markelgutierrezorrantia.com\/#breadcrumb"},"inLanguage":"eu","potentialAction":[{"@type":"ReadAction","target":["https:\/\/markelgutierrezorrantia.com\/"]}]},{"@type":"ImageObject","inLanguage":"eu","@id":"https:\/\/markelgutierrezorrantia.com\/#primaryimage","url":"https:\/\/markelgutierrezorrantia.com\/wp-content\/uploads\/2026\/01\/1482.jpg","contentUrl":"https:\/\/markelgutierrezorrantia.com\/wp-content\/uploads\/2026\/01\/1482.jpg"},{"@type":"BreadcrumbList","@id":"https:\/\/markelgutierrezorrantia.com\/#breadcrumb","itemListElement":[{"@type":"ListItem","position":1,"name":"Portada","item":"https:\/\/markelgutierrezorrantia.com\/"},{"@type":"ListItem","position":2,"name":"Inicio"}]},{"@type":"WebSite","@id":"https:\/\/markelgutierrezorrantia.com\/#website","url":"https:\/\/markelgutierrezorrantia.com\/","name":"Markel Gutierrez Orrantia","description":"","publisher":{"@id":"https:\/\/markelgutierrezorrantia.com\/#organization"},"potentialAction":[{"@type":"SearchAction","target":{"@type":"EntryPoint","urlTemplate":"https:\/\/markelgutierrezorrantia.com\/?s={search_term_string}"},"query-input":{"@type":"PropertyValueSpecification","valueRequired":true,"valueName":"search_term_string"}}],"inLanguage":"eu"},{"@type":"Organization","@id":"https:\/\/markelgutierrezorrantia.com\/#organization","name":"Markel Gutierrez Orrantia","url":"https:\/\/markelgutierrezorrantia.com\/","logo":{"@type":"ImageObject","inLanguage":"eu","@id":"https:\/\/markelgutierrezorrantia.com\/#\/schema\/logo\/image\/","url":"https:\/\/markelgutierrezorrantia.com\/wp-content\/uploads\/2026\/01\/cropped-llavesoskarzalla202506_logoarriba.png","contentUrl":"https:\/\/markelgutierrezorrantia.com\/wp-content\/uploads\/2026\/01\/cropped-llavesoskarzalla202506_logoarriba.png","width":346,"height":145,"caption":"Markel Gutierrez Orrantia"},"image":{"@id":"https:\/\/markelgutierrezorrantia.com\/#\/schema\/logo\/image\/"}}]}},"_links":{"self":[{"href":"https:\/\/markelgutierrezorrantia.com\/eu\/wp-json\/wp\/v2\/pages\/10","targetHints":{"allow":["GET"]}}],"collection":[{"href":"https:\/\/markelgutierrezorrantia.com\/eu\/wp-json\/wp\/v2\/pages"}],"about":[{"href":"https:\/\/markelgutierrezorrantia.com\/eu\/wp-json\/wp\/v2\/types\/page"}],"author":[{"embeddable":true,"href":"https:\/\/markelgutierrezorrantia.com\/eu\/wp-json\/wp\/v2\/users\/1"}],"replies":[{"embeddable":true,"href":"https:\/\/markelgutierrezorrantia.com\/eu\/wp-json\/wp\/v2\/comments?post=10"}],"version-history":[{"count":40,"href":"https:\/\/markelgutierrezorrantia.com\/eu\/wp-json\/wp\/v2\/pages\/10\/revisions"}],"predecessor-version":[{"id":121,"href":"https:\/\/markelgutierrezorrantia.com\/eu\/wp-json\/wp\/v2\/pages\/10\/revisions\/121"}],"wp:attachment":[{"href":"https:\/\/markelgutierrezorrantia.com\/eu\/wp-json\/wp\/v2\/media?parent=10"}],"curies":[{"name":"wp","href":"https:\/\/api.w.org\/{rel}","templated":true}]}}